{"id":5969,"date":"2024-12-10T16:59:12","date_gmt":"2024-12-10T15:59:12","guid":{"rendered":"https:\/\/www.fabrique.legal\/?page_id=5969"},"modified":"2025-02-13T12:40:59","modified_gmt":"2025-02-13T11:40:59","slug":"internazionale","status":"publish","type":"page","link":"https:\/\/www.fabrique.legal\/en\/internazionale\/","title":{"rendered":"International"},"content":{"rendered":"<div data-elementor-type=\"wp-page\" data-elementor-id=\"5969\" class=\"elementor elementor-5969\">\n\t\t\t\t\t\t<section class=\"elementor-section elementor-top-section elementor-element elementor-element-c7cfd45 elementor-section-stretched elementor-section-full_width elementor-section-height-default elementor-section-height-default qodef-elementor-content-no\" data-id=\"c7cfd45\" data-element_type=\"section\" data-settings=\"{&quot;stretch_section&quot;:&quot;section-stretched&quot;,&quot;background_background&quot;:&quot;classic&quot;}\">\n\t\t\t\t\t\t<div class=\"elementor-container elementor-column-gap-default\">\n\t\t\t\t\t<div class=\"elementor-column elementor-col-100 elementor-top-column elementor-element elementor-element-7bb5007\" data-id=\"7bb5007\" data-element_type=\"column\">\n\t\t\t<div class=\"elementor-widget-wrap elementor-element-populated\">\n\t\t\t\t\t\t<div class=\"elementor-element elementor-element-27b95f4 elementor-widget elementor-widget-thetrial_core_section_title\" data-id=\"27b95f4\" data-element_type=\"widget\" data-widget_type=\"thetrial_core_section_title.default\">\n\t\t\t\t<div class=\"elementor-widget-container\">\n\t\t\t\t\t<div class=\"qodef-shortcode qodef-m qodef-section-title qodef-alignment--center\">\n\t\t<h2 class=\"qodef-m-title\" style=\"color: #FFFFFF\">\n\t\t\t\t\tInternational\t\t\t<\/h2>\n\t\t<\/div>\t\t\t\t<\/div>\n\t\t\t\t<\/div>\n\t\t\t\t\t<\/div>\n\t\t<\/div>\n\t\t\t\t\t<\/div>\n\t\t<\/section>\n\t\t\t\t<section class=\"elementor-section elementor-top-section elementor-element elementor-element-bd270ff elementor-section-full_width elementor-section-height-default elementor-section-height-default qodef-elementor-content-no\" data-id=\"bd270ff\" data-element_type=\"section\">\n\t\t\t\t\t\t<div class=\"elementor-container elementor-column-gap-default\">\n\t\t\t\t\t<div class=\"elementor-column elementor-col-33 elementor-top-column elementor-element elementor-element-f81ae77\" data-id=\"f81ae77\" data-element_type=\"column\" data-settings=\"{&quot;background_background&quot;:&quot;classic&quot;}\">\n\t\t\t<div class=\"elementor-widget-wrap elementor-element-populated\">\n\t\t\t\t\t\t<div class=\"elementor-element elementor-element-d2230b6 elementor-widget elementor-widget-heading\" data-id=\"d2230b6\" data-element_type=\"widget\" data-widget_type=\"heading.default\">\n\t\t\t\t<div class=\"elementor-widget-container\">\n\t\t\t\t\t<h2 class=\"elementor-heading-title elementor-size-default\">Brussels desk<\/h2>\t\t\t\t<\/div>\n\t\t\t\t<\/div>\n\t\t\t\t<div class=\"elementor-element elementor-element-a7eb1b7 elementor-widget__width-initial elementor-widget elementor-widget-image\" data-id=\"a7eb1b7\" data-element_type=\"widget\" data-widget_type=\"image.default\">\n\t\t\t\t<div class=\"elementor-widget-container\">\n\t\t\t\t\t\t\t\t\t\t\t\t\t\t\t<img decoding=\"async\" width=\"300\" height=\"142\" src=\"https:\/\/www.fabrique.legal\/wp-content\/uploads\/2022\/10\/Miles_Baseline_WhiteBG@4x-100-300x142.jpg\" class=\"attachment-medium size-medium wp-image-5945\" alt=\"\" srcset=\"https:\/\/www.fabrique.legal\/wp-content\/uploads\/2022\/10\/Miles_Baseline_WhiteBG@4x-100-300x142.jpg 300w, https:\/\/www.fabrique.legal\/wp-content\/uploads\/2022\/10\/Miles_Baseline_WhiteBG@4x-100-1024x486.jpg 1024w, https:\/\/www.fabrique.legal\/wp-content\/uploads\/2022\/10\/Miles_Baseline_WhiteBG@4x-100-768x364.jpg 768w, https:\/\/www.fabrique.legal\/wp-content\/uploads\/2022\/10\/Miles_Baseline_WhiteBG@4x-100-1536x729.jpg 1536w, https:\/\/www.fabrique.legal\/wp-content\/uploads\/2022\/10\/Miles_Baseline_WhiteBG@4x-100-18x9.jpg 18w, https:\/\/www.fabrique.legal\/wp-content\/uploads\/2022\/10\/Miles_Baseline_WhiteBG@4x-100.jpg 1699w\" sizes=\"(max-width: 300px) 100vw, 300px\" \/>\t\t\t\t\t\t\t\t\t\t\t\t\t\t\t<\/div>\n\t\t\t\t<\/div>\n\t\t\t\t<div class=\"elementor-element elementor-element-a67c823 elementor-widget elementor-widget-spacer\" data-id=\"a67c823\" data-element_type=\"widget\" data-widget_type=\"spacer.default\">\n\t\t\t\t<div class=\"elementor-widget-container\">\n\t\t\t\t\t\t\t<div class=\"elementor-spacer\">\n\t\t\t<div class=\"elementor-spacer-inner\"><\/div>\n\t\t<\/div>\n\t\t\t\t\t\t<\/div>\n\t\t\t\t<\/div>\n\t\t\t\t<div class=\"elementor-element elementor-element-0867c6a elementor-widget elementor-widget-heading\" data-id=\"0867c6a\" data-element_type=\"widget\" data-widget_type=\"heading.default\">\n\t\t\t\t<div class=\"elementor-widget-container\">\n\t\t\t\t\t<h2 class=\"elementor-heading-title elementor-size-default\">Dubai<br>and Abu Dhabi<\/h2>\t\t\t\t<\/div>\n\t\t\t\t<\/div>\n\t\t\t\t<div class=\"elementor-element elementor-element-296f67e elementor-widget__width-initial elementor-widget elementor-widget-image\" data-id=\"296f67e\" data-element_type=\"widget\" data-widget_type=\"image.default\">\n\t\t\t\t<div class=\"elementor-widget-container\">\n\t\t\t\t\t\t\t\t\t\t\t\t\t\t\t<img decoding=\"async\" width=\"300\" height=\"136\" src=\"https:\/\/www.fabrique.legal\/wp-content\/uploads\/2024\/12\/iicuae_-_logo-e1739280464954-300x136.png\" class=\"attachment-medium size-medium wp-image-5974\" alt=\"\" srcset=\"https:\/\/www.fabrique.legal\/wp-content\/uploads\/2024\/12\/iicuae_-_logo-e1739280464954-300x136.png 300w, https:\/\/www.fabrique.legal\/wp-content\/uploads\/2024\/12\/iicuae_-_logo-e1739280464954-1024x466.png 1024w, https:\/\/www.fabrique.legal\/wp-content\/uploads\/2024\/12\/iicuae_-_logo-e1739280464954-768x349.png 768w, https:\/\/www.fabrique.legal\/wp-content\/uploads\/2024\/12\/iicuae_-_logo-e1739280464954-18x8.png 18w, https:\/\/www.fabrique.legal\/wp-content\/uploads\/2024\/12\/iicuae_-_logo-e1739280464954.png 1500w\" sizes=\"(max-width: 300px) 100vw, 300px\" \/>\t\t\t\t\t\t\t\t\t\t\t\t\t\t\t<\/div>\n\t\t\t\t<\/div>\n\t\t\t\t\t<\/div>\n\t\t<\/div>\n\t\t\t\t<div class=\"elementor-column elementor-col-33 elementor-top-column elementor-element elementor-element-ac002fd\" data-id=\"ac002fd\" data-element_type=\"column\">\n\t\t\t<div class=\"elementor-widget-wrap elementor-element-populated\">\n\t\t\t\t\t\t<div class=\"elementor-element elementor-element-1e01a3b elementor-widget elementor-widget-text-editor\" data-id=\"1e01a3b\" data-element_type=\"widget\" data-widget_type=\"text-editor.default\">\n\t\t\t\t<div class=\"elementor-widget-container\">\n\t\t\t\t\t\t\t\t\t<p style=\"background-color: #ffffff;\">Since October 2022, through a collaboration with Miles Legal, Fabrique has established a Desk in Brussels.&nbsp;<\/p>\n<p style=\"background-color: #ffffff;\">We are indeed aware that Brussels is the center of European institutions and that the Belgian economy is one of the most dynamic in Europe.&nbsp;<\/p>\n<p style=\"background-color: #ffffff;\">Fabrique's presence in Brussels is aimed at meeting the needs of both Italian and international clients in the fields of European competition law, European food law, international trade, extraordinary operations, intellectual and industrial property law (IP), commercial litigation, and arbitration.<\/p>\n<p style=\"background-color: #ffffff;\">Furthermore, thanks to the privileged relationship with Miles Legal, clients can rely on qualified assistance in all matters concerning Belgian law. In the following link, more details about Miles Legal and its professionals: Website:&nbsp;<a href=\"http:\/\/www.mileslegal.eu\/\">www.mileslegal.eu<\/a>&nbsp;<\/p>\t\t\t\t\t\t\t\t<\/div>\n\t\t\t\t<\/div>\n\t\t\t\t<div class=\"elementor-element elementor-element-b275821 elementor-widget-divider--view-line elementor-widget elementor-widget-divider\" data-id=\"b275821\" data-element_type=\"widget\" data-widget_type=\"divider.default\">\n\t\t\t\t<div class=\"elementor-widget-container\">\n\t\t\t\t\t\t\t<div class=\"elementor-divider\">\n\t\t\t<span class=\"elementor-divider-separator\">\n\t\t\t\t\t\t<\/span>\n\t\t<\/div>\n\t\t\t\t\t\t<\/div>\n\t\t\t\t<\/div>\n\t\t\t\t<div class=\"elementor-element elementor-element-269b016 elementor-widget elementor-widget-text-editor\" data-id=\"269b016\" data-element_type=\"widget\" data-widget_type=\"text-editor.default\">\n\t\t\t\t<div class=\"elementor-widget-container\">\n\t\t\t\t\t\t\t\t\t<p>Through one of the partners, which acquired the status of Representative of the Italian Chamber of Commerce in the United Arab Emirates, Fabrique Avvocati Associati is able to support Italian companies wishing to enter in the UAE market.<\/p><p>The Chamber of Commerce in the United Arab Emirates (IICUAE) represents an influential gateway to Middle Eastern markets, economic and financial centers that are increasingly the gateway to the East and East Africa.<\/p><p>Fabrique Avvocati Associati, through its partnership with the Chamber of Commerce in the United Arab Emirates, enjoys the availability of chamber offices located in Dubai and Abu Dhabi.<\/p>\t\t\t\t\t\t\t\t<\/div>\n\t\t\t\t<\/div>\n\t\t\t\t\t<\/div>\n\t\t<\/div>\n\t\t\t\t<div class=\"elementor-column elementor-col-33 elementor-top-column elementor-element elementor-element-a1ebe7e\" data-id=\"a1ebe7e\" data-element_type=\"column\" data-settings=\"{&quot;background_background&quot;:&quot;classic&quot;}\">\n\t\t\t<div class=\"elementor-widget-wrap elementor-element-populated\">\n\t\t\t\t\t\t<div class=\"elementor-element elementor-element-2c0e234 elementor-invisible elementor-widget elementor-widget-image\" data-id=\"2c0e234\" data-element_type=\"widget\" data-settings=\"{&quot;_animation&quot;:&quot;fadeInUp&quot;}\" data-widget_type=\"image.default\">\n\t\t\t\t<div class=\"elementor-widget-container\">\n\t\t\t\t\t\t\t\t\t\t\t\t\t\t\t<img fetchpriority=\"high\" decoding=\"async\" width=\"650\" height=\"1300\" src=\"https:\/\/www.fabrique.legal\/wp-content\/uploads\/2025\/01\/imagxe-1-1-650x1300.png\" class=\"attachment-thetrial_image_size_portrait size-thetrial_image_size_portrait wp-image-6053\" alt=\"\" \/>\t\t\t\t\t\t\t\t\t\t\t\t\t\t\t<\/div>\n\t\t\t\t<\/div>\n\t\t\t\t\t<\/div>\n\t\t<\/div>\n\t\t\t\t\t<\/div>\n\t\t<\/section>\n\t\t\t\t<\/div>","protected":false},"excerpt":{"rendered":"<p>Internazionale Brussels desk Dubaie Abu Dhabi Dall&#8217;ottobre 2022, grazie alla collaborazione con Miles Legal, Fabrique ha attivato un Desk a Bruxelles.&nbsp; Siamo infatti consapevoli che Bruxelles \u00e8 il centro delle istituzioni europee e che l&#8217;economia belga \u00e8 una delle pi\u00f9 dinamiche in Europa.&nbsp; La presenza di Fabrique a Bruxelles \u00e8 finalizzata a soddisfare le esigenze [&hellip;]<\/p>","protected":false},"author":1,"featured_media":0,"parent":0,"menu_order":0,"comment_status":"closed","ping_status":"closed","template":"","meta":{"footnotes":""},"class_list":["post-5969","page","type-page","status-publish","hentry"],"_links":{"self":[{"href":"https:\/\/www.fabrique.legal\/en\/wp-json\/wp\/v2\/pages\/5969","targetHints":{"allow":["GET"]}}],"collection":[{"href":"https:\/\/www.fabrique.legal\/en\/wp-json\/wp\/v2\/pages"}],"about":[{"href":"https:\/\/www.fabrique.legal\/en\/wp-json\/wp\/v2\/types\/page"}],"author":[{"embeddable":true,"href":"https:\/\/www.fabrique.legal\/en\/wp-json\/wp\/v2\/users\/1"}],"replies":[{"embeddable":true,"href":"https:\/\/www.fabrique.legal\/en\/wp-json\/wp\/v2\/comments?post=5969"}],"version-history":[{"count":49,"href":"https:\/\/www.fabrique.legal\/en\/wp-json\/wp\/v2\/pages\/5969\/revisions"}],"predecessor-version":[{"id":6124,"href":"https:\/\/www.fabrique.legal\/en\/wp-json\/wp\/v2\/pages\/5969\/revisions\/6124"}],"wp:attachment":[{"href":"https:\/\/www.fabrique.legal\/en\/wp-json\/wp\/v2\/media?parent=5969"}],"curies":[{"name":"wp","href":"https:\/\/api.w.org\/{rel}","templated":true}]}}