{"id":4661,"date":"2021-04-13T18:21:54","date_gmt":"2021-04-13T16:21:54","guid":{"rendered":"http:\/\/www.fabrique.legal\/?page_id=4661"},"modified":"2022-02-21T17:01:20","modified_gmt":"2022-02-21T16:01:20","slug":"compliance","status":"publish","type":"page","link":"https:\/\/www.fabrique.legal\/en\/compliance\/","title":{"rendered":"Sustainability"},"content":{"rendered":"<div data-elementor-type=\"wp-page\" data-elementor-id=\"4661\" class=\"elementor elementor-4661\">\n\t\t\t\t\t\t<section class=\"elementor-section elementor-top-section elementor-element elementor-element-faa2ea1 elementor-section-full_width elementor-section-stretched elementor-section-height-default elementor-section-height-default qodef-elementor-content-no\" data-id=\"faa2ea1\" data-element_type=\"section\" data-settings=\"{&quot;stretch_section&quot;:&quot;section-stretched&quot;,&quot;background_background&quot;:&quot;classic&quot;}\">\n\t\t\t\t\t\t<div class=\"elementor-container elementor-column-gap-no\">\n\t\t\t\t\t<div class=\"elementor-column elementor-col-100 elementor-top-column elementor-element elementor-element-00200af\" data-id=\"00200af\" data-element_type=\"column\" data-settings=\"{&quot;background_background&quot;:&quot;classic&quot;}\">\n\t\t\t<div class=\"elementor-widget-wrap elementor-element-populated\">\n\t\t\t\t\t\t<div class=\"elementor-element elementor-element-1dfa51c elementor-widget elementor-widget-thetrial_core_section_title\" data-id=\"1dfa51c\" data-element_type=\"widget\" data-widget_type=\"thetrial_core_section_title.default\">\n\t\t\t\t<div class=\"elementor-widget-container\">\n\t\t\t\t\t<div class=\"qodef-shortcode qodef-m qodef-section-title qodef-alignment--center\">\n\t\t<h2 class=\"qodef-m-title\" style=\"color: #FFFFFF\">\n\t\t\t\t\tSustainability\t\t\t<\/h2>\n\t\t<\/div>\t\t\t\t<\/div>\n\t\t\t\t<\/div>\n\t\t\t\t\t<\/div>\n\t\t<\/div>\n\t\t\t\t\t<\/div>\n\t\t<\/section>\n\t\t\t\t<section class=\"elementor-section elementor-top-section elementor-element elementor-element-bd270ff elementor-section-full_width elementor-section-height-default elementor-section-height-default qodef-elementor-content-no\" data-id=\"bd270ff\" data-element_type=\"section\">\n\t\t\t\t\t\t<div class=\"elementor-container elementor-column-gap-default\">\n\t\t\t\t\t<div class=\"elementor-column elementor-col-33 elementor-top-column elementor-element elementor-element-f81ae77\" data-id=\"f81ae77\" data-element_type=\"column\" data-settings=\"{&quot;background_background&quot;:&quot;classic&quot;}\">\n\t\t\t<div class=\"elementor-widget-wrap elementor-element-populated\">\n\t\t\t\t\t\t<div class=\"elementor-element elementor-element-d2230b6 elementor-widget elementor-widget-heading\" data-id=\"d2230b6\" data-element_type=\"widget\" data-widget_type=\"heading.default\">\n\t\t\t\t<div class=\"elementor-widget-container\">\n\t\t\t\t\t<h2 class=\"elementor-heading-title elementor-size-default\">Skills and Industries<\/h2>\t\t\t\t<\/div>\n\t\t\t\t<\/div>\n\t\t\t\t\t<\/div>\n\t\t<\/div>\n\t\t\t\t<div class=\"elementor-column elementor-col-33 elementor-top-column elementor-element elementor-element-ac002fd\" data-id=\"ac002fd\" data-element_type=\"column\">\n\t\t\t<div class=\"elementor-widget-wrap elementor-element-populated\">\n\t\t\t\t\t\t<div class=\"elementor-element elementor-element-1e01a3b elementor-widget elementor-widget-text-editor\" data-id=\"1e01a3b\" data-element_type=\"widget\" data-widget_type=\"text-editor.default\">\n\t\t\t\t<div class=\"elementor-widget-container\">\n\t\t\t\t\t\t\t\t\t<p>The Firm has created a dedicated and multidisciplinary focus on the subject of sustainability. We assist companies in all the activities related to the application of ESG (Environmental Social and Governance) principles, including environmental, labour, financial and communication issues.<\/p>\t\t\t\t\t\t\t\t<\/div>\n\t\t\t\t<\/div>\n\t\t\t\t\t<\/div>\n\t\t<\/div>\n\t\t\t\t<div class=\"elementor-column elementor-col-33 elementor-top-column elementor-element elementor-element-a1ebe7e\" data-id=\"a1ebe7e\" data-element_type=\"column\" data-settings=\"{&quot;background_background&quot;:&quot;classic&quot;}\">\n\t\t\t<div class=\"elementor-widget-wrap elementor-element-populated\">\n\t\t\t\t\t\t<div class=\"elementor-element elementor-element-2c0e234 elementor-invisible elementor-widget elementor-widget-image\" data-id=\"2c0e234\" data-element_type=\"widget\" data-settings=\"{&quot;_animation&quot;:&quot;fadeInUp&quot;}\" data-widget_type=\"image.default\">\n\t\t\t\t<div class=\"elementor-widget-container\">\n\t\t\t\t\t\t\t\t\t\t\t\t\t\t\t<img fetchpriority=\"high\" decoding=\"async\" width=\"800\" height=\"1000\" src=\"https:\/\/www.fabrique.legal\/wp-content\/uploads\/2021\/06\/Sostenibilita.jpg\" class=\"attachment-large size-large wp-image-5305\" alt=\"\" srcset=\"https:\/\/www.fabrique.legal\/wp-content\/uploads\/2021\/06\/Sostenibilita.jpg 800w, https:\/\/www.fabrique.legal\/wp-content\/uploads\/2021\/06\/Sostenibilita-240x300.jpg 240w, https:\/\/www.fabrique.legal\/wp-content\/uploads\/2021\/06\/Sostenibilita-768x960.jpg 768w\" sizes=\"(max-width: 800px) 100vw, 800px\" \/>\t\t\t\t\t\t\t\t\t\t\t\t\t\t\t<\/div>\n\t\t\t\t<\/div>\n\t\t\t\t\t<\/div>\n\t\t<\/div>\n\t\t\t\t\t<\/div>\n\t\t<\/section>\n\t\t\t\t<\/div>","protected":false},"excerpt":{"rendered":"<p>Sostenibilit\u00e0 Competenze e settori Lo studio ha creato un focus specifico, e multidisciplinare, sul tema della sostenibilit\u00e0 e assiste le imprese nelle attivit\u00e0 correlate all\u2019applicazione dei principi ESG (Environmental Social and Governance) nei principali ambiti di riferimento, fra i quali, a titolo esemplificativo, quello ambientale, del lavoro, finanziario e della comunicazione.<\/p>","protected":false},"author":1,"featured_media":0,"parent":0,"menu_order":0,"comment_status":"closed","ping_status":"closed","template":"","meta":{"footnotes":""},"class_list":["post-4661","page","type-page","status-publish","hentry"],"_links":{"self":[{"href":"https:\/\/www.fabrique.legal\/en\/wp-json\/wp\/v2\/pages\/4661","targetHints":{"allow":["GET"]}}],"collection":[{"href":"https:\/\/www.fabrique.legal\/en\/wp-json\/wp\/v2\/pages"}],"about":[{"href":"https:\/\/www.fabrique.legal\/en\/wp-json\/wp\/v2\/types\/page"}],"author":[{"embeddable":true,"href":"https:\/\/www.fabrique.legal\/en\/wp-json\/wp\/v2\/users\/1"}],"replies":[{"embeddable":true,"href":"https:\/\/www.fabrique.legal\/en\/wp-json\/wp\/v2\/comments?post=4661"}],"version-history":[{"count":43,"href":"https:\/\/www.fabrique.legal\/en\/wp-json\/wp\/v2\/pages\/4661\/revisions"}],"predecessor-version":[{"id":5891,"href":"https:\/\/www.fabrique.legal\/en\/wp-json\/wp\/v2\/pages\/4661\/revisions\/5891"}],"wp:attachment":[{"href":"https:\/\/www.fabrique.legal\/en\/wp-json\/wp\/v2\/media?parent=4661"}],"curies":[{"name":"wp","href":"https:\/\/api.w.org\/{rel}","templated":true}]}}